{"id":2,"date":"2011-03-07T20:28:43","date_gmt":"2011-03-07T20:28:43","guid":{"rendered":"http:\/\/www.cmjuras.cz\/?page_id=2"},"modified":"2024-07-24T17:57:34","modified_gmt":"2024-07-24T17:57:34","slug":"neco-o-me","status":"publish","type":"page","link":"https:\/\/cmjuras.cz\/","title":{"rendered":"\u00davod"},"content":{"rendered":"\n<figure class=\"wp-block-gallery aligncenter has-nested-images columns-default is-cropped wp-block-gallery-1 is-layout-flex wp-block-gallery-is-layout-flex\">\n<figure class=\"wp-block-image size-large\"><img loading=\"lazy\" decoding=\"async\" width=\"1024\" height=\"592\" data-id=\"561\" src=\"https:\/\/cmjuras.cz\/wp-content\/uploads\/371119389_809933580932513_7237915927096438587_n-1024x592.jpg\" alt=\"\" class=\"wp-image-561\" srcset=\"https:\/\/cmjuras.cz\/wp-content\/uploads\/371119389_809933580932513_7237915927096438587_n-1024x592.jpg 1024w, https:\/\/cmjuras.cz\/wp-content\/uploads\/371119389_809933580932513_7237915927096438587_n-300x173.jpg 300w, https:\/\/cmjuras.cz\/wp-content\/uploads\/371119389_809933580932513_7237915927096438587_n-150x87.jpg 150w, https:\/\/cmjuras.cz\/wp-content\/uploads\/371119389_809933580932513_7237915927096438587_n-768x444.jpg 768w, https:\/\/cmjuras.cz\/wp-content\/uploads\/371119389_809933580932513_7237915927096438587_n-1536x888.jpg 1536w, https:\/\/cmjuras.cz\/wp-content\/uploads\/371119389_809933580932513_7237915927096438587_n.jpg 2048w\" sizes=\"auto, (max-width: 1024px) 100vw, 1024px\" \/><\/figure>\n<\/figure>\n\n\n\n<p class=\"has-text-align-center has-montserrat-font-family\">Cimb\u00e1lov\u00e1 muzika JUR\u00c1\u0160 navazuje na tradici muziky zalo\u017een\u00e9 Danielem Zindlerem.<br>Prim\u00e1\u0161em sou\u010dasn\u00e9 kapely je Libor Ve\u010de\u0159a, organiza\u010dn\u00edm vedouc\u00edm je Stanislav Soused\u00edk.<\/p>\n\n\n\n<p class=\"has-text-align-center has-black-color has-text-color has-link-color has-montserrat-font-family wp-elements-a2c8f34265908d22a4be5f97e2a8b372\">Reperto\u00e1r muziky vych\u00e1zel p\u016fvodn\u011b z lidov\u00fdch p\u00edsn\u00ed Zl\u00ednska, postupn\u011b se roz\u0161\u00ed\u0159il na folklor Vala\u0161ska, Slov\u00e1cka a luha\u010dovick\u00e9ho Z\u00e1les\u00ed. Cimb\u00e1lov\u00e1 muzika Jur\u00e1\u0161 hr\u00e1v\u00e1 k tanci i k <a href=\"https:\/\/cmjuras.cz\/?page_id=844\">POSLECHU<\/a> snad p\u0159i v\u0161ech ud\u00e1lostech, kter\u00e9 mohou \u010dlov\u011bka za jeho \u017eivota potkat. \u00da\u010dinkuje tak\u00e9 na \u0159ad\u011b spole\u010densk\u00fdch akc\u00ed nejen na Zl\u00ednsku.<\/p>\n\n\n\n<hr class=\"wp-block-separator has-alpha-channel-opacity\"\/>\n\n\n\n<p><\/p>\n","protected":false},"excerpt":{"rendered":"<p>Cimb\u00e1lov\u00e1 muzika JUR\u00c1\u0160 navazuje na tradici muziky zalo\u017een\u00e9 Danielem Zindlerem.Prim\u00e1\u0161em sou\u010dasn\u00e9 kapely je Libor Ve\u010de\u0159a, organiza\u010dn\u00edm vedouc\u00edm je Stanislav Soused\u00edk. Reperto\u00e1r muziky vych\u00e1zel p\u016fvodn\u011b z lidov\u00fdch p\u00edsn\u00ed Zl\u00ednska, postupn\u011b se roz\u0161\u00ed\u0159il na folklor Vala\u0161ska, Slov\u00e1cka a luha\u010dovick\u00e9ho Z\u00e1les\u00ed. Cimb\u00e1lov\u00e1 muzika Jur\u00e1\u0161 hr\u00e1v\u00e1 k tanci i k POSLECHU snad p\u0159i v\u0161ech ud\u00e1lostech, kter\u00e9 mohou \u010dlov\u011bka za [&hellip;]<\/p>\n","protected":false},"author":3,"featured_media":0,"parent":0,"menu_order":1,"comment_status":"closed","ping_status":"closed","template":"","meta":{"footnotes":""},"class_list":["post-2","page","type-page","status-publish","hentry"],"_links":{"self":[{"href":"https:\/\/cmjuras.cz\/index.php?rest_route=\/wp\/v2\/pages\/2","targetHints":{"allow":["GET"]}}],"collection":[{"href":"https:\/\/cmjuras.cz\/index.php?rest_route=\/wp\/v2\/pages"}],"about":[{"href":"https:\/\/cmjuras.cz\/index.php?rest_route=\/wp\/v2\/types\/page"}],"author":[{"embeddable":true,"href":"https:\/\/cmjuras.cz\/index.php?rest_route=\/wp\/v2\/users\/3"}],"replies":[{"embeddable":true,"href":"https:\/\/cmjuras.cz\/index.php?rest_route=%2Fwp%2Fv2%2Fcomments&post=2"}],"version-history":[{"count":47,"href":"https:\/\/cmjuras.cz\/index.php?rest_route=\/wp\/v2\/pages\/2\/revisions"}],"predecessor-version":[{"id":873,"href":"https:\/\/cmjuras.cz\/index.php?rest_route=\/wp\/v2\/pages\/2\/revisions\/873"}],"wp:attachment":[{"href":"https:\/\/cmjuras.cz\/index.php?rest_route=%2Fwp%2Fv2%2Fmedia&parent=2"}],"curies":[{"name":"wp","href":"https:\/\/api.w.org\/{rel}","templated":true}]}}