{"id":46,"date":"2011-03-07T22:00:36","date_gmt":"2011-03-07T22:00:36","guid":{"rendered":"http:\/\/www.cmjuras.cz\/?page_id=46"},"modified":"2024-11-05T18:40:43","modified_gmt":"2024-11-05T18:40:43","slug":"kontakty","status":"publish","type":"page","link":"https:\/\/cmjuras.cz\/?page_id=46","title":{"rendered":"Kontakty"},"content":{"rendered":"\n<p><br><\/p>\n\n\n\n<p><\/p>\n\n\n\n<figure class=\"wp-block-table is-style-stripes has-montserrat-font-family\"><table><tbody><tr><td>N\u00e1zev:<\/td><td>Cimb\u00e1lov\u00e1 muzika JUR\u00c1\u0160, z.s.<\/td><\/tr><tr><td>Adresa:<\/td><td>T\u0159\u00edda Tom\u00e1\u0161e Bati 204<br>760 01 Zl\u00edn<\/td><\/tr><tr><td>I\u010c:<\/td><td>62182196<\/td><\/tr><tr><td>Pr\u00e1vn\u00ed forma:<\/td><td>spolek<\/td><\/tr><tr><td>Kontaktn\u00ed osoba:<\/td><td>Stanislav Soused\u00edk<br>email:\u00a0<a href=\"mailto:cmjuras@seznam.cz\">cmjuras(a)seznam.cz<\/a><br>tel.: 606 522 610<\/td><\/tr><tr><td>Facebook:<\/td><td><figure class=\"wp-block-image size-full is-resized\"><a href=\"https:\/\/facebook.com\/cmjuras\" target=\"_blank\" rel=\"noreferrer noopener\"><img decoding=\"async\" class=\"wp-image-903\" style=\"width:50px;height:auto\" src=\"https:\/\/cmjuras.cz\/wp-content\/uploads\/facebook.png\" alt=\"\"><\/a> <a href=\"https:\/\/facebook.com\/cmjuras\" target=\"_blank\" rel=\"noreferrer noopener\">cmjuras<\/a><\/figure><\/td><\/tr><\/tbody><\/table><\/figure>\n\n\n\n<table align=\"center\">\n<tbody>\n<tr>\n<td align=\"center\">\n<iframe loading=\"lazy\" src=\"https:\/\/www.facebook.com\/plugins\/page.php?href=https%3A%2F%2Fwww.facebook.com%2Fcmjuras&#038;tabs=timeline&#038;width=500&#038;height=500&#038;small_header=false&#038;adapt_container_width=true&#038;hide_cover=true&#038;show_facepile=true&#038;appId\" width=\"500\" height=\"500\" style=\"border:none;overflow:hidden\" scrolling=\"no\" frameborder=\"0\" allowfullscreen=\"true\" allow=\"autoplay; clipboard-write; encrypted-media; picture-in-picture; web-share\" align=\"middle\"><\/iframe>\n\n\n<\/td>\n<\/tr>\n<\/tbody>\n<\/table>","protected":false},"excerpt":{"rendered":"<p>N\u00e1zev: Cimb\u00e1lov\u00e1 muzika JUR\u00c1\u0160, z.s. Adresa: T\u0159\u00edda Tom\u00e1\u0161e Bati 204760 01 Zl\u00edn I\u010c: 62182196 Pr\u00e1vn\u00ed forma: spolek Kontaktn\u00ed osoba: Stanislav Soused\u00edkemail:\u00a0cmjuras(a)seznam.cztel.: 606 522 610 Facebook: cmjuras<\/p>\n","protected":false},"author":3,"featured_media":0,"parent":0,"menu_order":99,"comment_status":"closed","ping_status":"closed","template":"","meta":{"footnotes":""},"class_list":["post-46","page","type-page","status-publish","hentry"],"_links":{"self":[{"href":"https:\/\/cmjuras.cz\/index.php?rest_route=\/wp\/v2\/pages\/46","targetHints":{"allow":["GET"]}}],"collection":[{"href":"https:\/\/cmjuras.cz\/index.php?rest_route=\/wp\/v2\/pages"}],"about":[{"href":"https:\/\/cmjuras.cz\/index.php?rest_route=\/wp\/v2\/types\/page"}],"author":[{"embeddable":true,"href":"https:\/\/cmjuras.cz\/index.php?rest_route=\/wp\/v2\/users\/3"}],"replies":[{"embeddable":true,"href":"https:\/\/cmjuras.cz\/index.php?rest_route=%2Fwp%2Fv2%2Fcomments&post=46"}],"version-history":[{"count":43,"href":"https:\/\/cmjuras.cz\/index.php?rest_route=\/wp\/v2\/pages\/46\/revisions"}],"predecessor-version":[{"id":888,"href":"https:\/\/cmjuras.cz\/index.php?rest_route=\/wp\/v2\/pages\/46\/revisions\/888"}],"wp:attachment":[{"href":"https:\/\/cmjuras.cz\/index.php?rest_route=%2Fwp%2Fv2%2Fmedia&parent=46"}],"curies":[{"name":"wp","href":"https:\/\/api.w.org\/{rel}","templated":true}]}}